{"id":1244,"date":"2017-04-29T16:57:06","date_gmt":"2017-04-29T16:57:06","guid":{"rendered":"https:\/\/kopie.gerhild-ebel.host1-nahiro.net\/WordPress_01\/?page_id=1244"},"modified":"2023-03-05T10:50:27","modified_gmt":"2023-03-05T10:50:27","slug":"biography-new","status":"publish","type":"page","link":"https:\/\/gerhild-ebel.de\/?page_id=1244","title":{"rendered":"biography"},"content":{"rendered":"<p>1965 geboren in Halle \/ <span style=\"color: #808080;\">born in Halle, Germany<\/span><\/p>\n<p>Studium der Phytopathologie, <span style=\"color: #333333;\">Martin-Luther-Universit\u00e4t Halle<\/span>, Diplom 1990<br \/>\n<span style=\"color: #808080;\">study of plant pathology, Martin-Luther-Universit\u00e4t Halle, Diploma 1990\u00a0 <\/span><\/p>\n<p>Arbeit als Wissenschaftlerin im Pflanzenschutzamt Halle 1990<span style=\"color: #000000;\">\u2013<\/span>91<br \/>\n<span style=\"color: #808080;\">work as scientist in the Institute for Plant Protection Halle 1990\u201391<\/span><\/p>\n<p>Konzeptionelle Arbeiten, Installationen, K\u00fcnstlerb\u00fccher, Grafiken, Scherenschnitte, Pr\u00e4gedrucke, Objekte, experimentelle Literatur, Performance seit 1988<br \/>\n<span style=\"color: #808080;\">concept works, installations,\u00a0artist books, graphics,\u00a0cutouts, embossments, objects, experimental literature, performance since 1988<\/span><\/p>\n<p>Herausgeberin der original-grafischen Zeitschrift \u00bbminiature obscure\u00ab <span style=\"color: #000000;\"> 1991\u20132007<\/span> gemeinsam mit Cornelia Ahnert\u00a0 \/ <span style=\"color: #808080;\">editor of original-grafic artist magazine \u00bbminiature obscure\u00ab 1991\u20132007 in collaboration with C. Ahnert<br \/>\n<\/span><\/p>\n<p>Herausgeberin der original-grafischen K\u00fcnstlerzeitschrift \u00bbquartett. experimental literature and art\u00ab\u00a0 2008 -2017 \/ <span style=\"color: #808080;\">editor of original-grafic artist magazine \u00bbquartett. experimental literature and art\u00ab 2008 &#8211; 2017<\/span><\/p>\n<p><span style=\"color: #808080;\"><span style=\"color: #000000;\">Herausgeberin des original-grafischen K\u00fcnstlerlexikons \u00bbart_lex\u00ab seit 2015<br \/>\n<span style=\"color: #999999;\">editor of original-grafic encyclopaedia \u00bbart_lex\u00ab since 2015<\/span><\/span><\/span><\/p>\n<p><span style=\"color: #808080;\"><span style=\"color: #000000;\">Herausgeberin der original-grafischen K\u00fcnstlerzeitschrift \u00bbmemory. experimental literature and art\u00ab\u00a0 seit 2019 \/<\/span> editor of original-grafic artist magazine \u00bbquartett. experimental literature and art\u00ab since 2019<\/span><\/p>\n<p>Ausstellungen in Museen und Galerien international seit 1989, u.a.<br \/>\n<span style=\"color: #808080;\">exhibitions at home and abroad<\/span> <span style=\"color: #808080;\">since<\/span> <span style=\"color: #808080;\">1989,\u00a0 e.g. Argentina, Australia, Austria, Brasilia, Canada, Denmark, France, Germany, Great Britain, Hungary, Italy, Japan, Mexico, Netherlands, Norway, Sweden, Chile, Russia, South Korea, Spain, Switzerland, USA<\/span><\/p>\n<p>Buchver\u00f6ffentlichungen und Ver\u00f6ffentlichungen in zahlreichen Zeitschriften und Anthologien seit 1989<br \/>\n<span style=\"color: #808080;\">books and publications in various international magazines for literature and art since 1989<br \/>\n<\/span><\/p>\n<p>lebt freiberuflich als K\u00fcnstlerin, Autorin, Herausgeberin in Halle und Berlin<br \/>\n<span style=\"color: #808080;\">freelance artist, author, publisher in Halle and Berlin<\/span><\/p>\n<p><img fetchpriority=\"high\" decoding=\"async\" class=\"alignnone size-medium wp-image-3895\" src=\"https:\/\/gerhild-ebel.de\/wp-content\/uploads\/2017\/04\/7-Kopie-Kopie-Kopie-249x300.jpg\" alt=\"\" width=\"249\" height=\"300\" srcset=\"https:\/\/gerhild-ebel.de\/wp-content\/uploads\/2017\/04\/7-Kopie-Kopie-Kopie-249x300.jpg 249w, https:\/\/gerhild-ebel.de\/wp-content\/uploads\/2017\/04\/7-Kopie-Kopie-Kopie-768x925.jpg 768w, https:\/\/gerhild-ebel.de\/wp-content\/uploads\/2017\/04\/7-Kopie-Kopie-Kopie-850x1024.jpg 850w\" sizes=\"(max-width: 249px) 100vw, 249px\" \/><\/p>\n","protected":false},"excerpt":{"rendered":"<p>1965 geboren in Halle \/ born in Halle, Germany Studium der Phytopathologie, Martin-Luther-Universit\u00e4t Halle, Diplom 1990 study of plant pathology, Martin-Luther-Universit\u00e4t Halle, Diploma 1990\u00a0 Arbeit als Wissenschaftlerin im Pflanzenschutzamt Halle 1990\u201391 work as scientist in the Institute for Plant Protection Halle 1990\u201391 Konzeptionelle Arbeiten, Installationen, K\u00fcnstlerb\u00fccher, Grafiken, Scherenschnitte, Pr\u00e4gedrucke, Objekte, experimentelle Literatur, Performance seit 1988 &hellip; <\/p>\n<p class=\"link-more\"><a href=\"https:\/\/gerhild-ebel.de\/?page_id=1244\" class=\"more-link\"><span class=\"screen-reader-text\">\u201ebiography\u201c<\/span> weiterlesen<\/a><\/p>\n","protected":false},"author":1,"featured_media":0,"parent":0,"menu_order":0,"comment_status":"closed","ping_status":"closed","template":"","meta":{"footnotes":""},"class_list":["post-1244","page","type-page","status-publish","hentry"],"_links":{"self":[{"href":"https:\/\/gerhild-ebel.de\/index.php?rest_route=\/wp\/v2\/pages\/1244","targetHints":{"allow":["GET"]}}],"collection":[{"href":"https:\/\/gerhild-ebel.de\/index.php?rest_route=\/wp\/v2\/pages"}],"about":[{"href":"https:\/\/gerhild-ebel.de\/index.php?rest_route=\/wp\/v2\/types\/page"}],"author":[{"embeddable":true,"href":"https:\/\/gerhild-ebel.de\/index.php?rest_route=\/wp\/v2\/users\/1"}],"replies":[{"embeddable":true,"href":"https:\/\/gerhild-ebel.de\/index.php?rest_route=%2Fwp%2Fv2%2Fcomments&post=1244"}],"version-history":[{"count":0,"href":"https:\/\/gerhild-ebel.de\/index.php?rest_route=\/wp\/v2\/pages\/1244\/revisions"}],"wp:attachment":[{"href":"https:\/\/gerhild-ebel.de\/index.php?rest_route=%2Fwp%2Fv2%2Fmedia&parent=1244"}],"curies":[{"name":"wp","href":"https:\/\/api.w.org\/{rel}","templated":true}]}}