{"id":42,"date":"2016-09-20T10:19:28","date_gmt":"2016-09-20T10:19:28","guid":{"rendered":"http:\/\/aperitive.tkdvl.com\/?page_id=42"},"modified":"2017-06-07T11:35:26","modified_gmt":"2017-06-07T11:35:26","slug":"contact","status":"publish","type":"page","link":"https:\/\/gerhild-ebel.de\/?page_id=42","title":{"rendered":"contact"},"content":{"rendered":"<p>gerhild.ebel@gmx.de<br \/>\nfon 0049(345) 5223094<\/p>\n<p>Urheberrecht \/ Copyright<br \/>\n\u00a9 by Gerhild Ebel<\/p>\n<p>Urheberrecht \/ Copyright<br \/>\n\u00a9 Texte, Grafiken \/ text, images in \u00bbquartett\u00ab, \u00bbminiature obscure\u00ab, \u00bbart_lex\u00ab<br \/>\nund Gemeinschaftsprojekten \/ and editions in collaboration<br \/>\nbei den betreffenden K\u00fcnstlern &amp; Autoren \/ by the refering artists &amp; authors<\/p>\n<p>Urheberrechtsschutz durch \/ Copyright protection by<br \/>\nVerwertungsgesellschaft Bild-Kunst<br \/>\nVerwertungsgesellschaft Wort VG Wort<\/p>\n<p>Die durch den Seitenbetreiber erstellten Inhalte und Werke auf diesen Seiten unterliegen dem deutschen Urheberrecht. Die Vervielf\u00e4ltigung, Bearbeitung, Verbreitung und jede Art der Verwertung au\u00dferhalb der Grenzen des Urheberrechtes bed\u00fcrfen der schriftlichen Zustimmung des jeweiligen Autors bzw. Erstellers. Downloads und Kopien dieser Seite sind nicht gestattet. Soweit die Inhalte auf dieser Seite nicht vom Betreiber erstellt wurden, werden die Urheberrechte Dritter beachtet.<br \/>\nThe content and works created by the site operator on these pages are subject to German copyright law. The copying, processing, distribution, and any kind of utilization outside the limits of copyright require the written consent of the respective author or creator. Downloads and copies of this site are not permitted. Where the contents on this site were not created by the operator, the copyrights of third persons are respected.<\/p>\n<p>Haftung f\u00fcr Links \/ Liability for links<br \/>\nGerhild Ebel ist nicht f\u00fcr den Inhalt von Webseiten verantwortlich, auf die durch Links verwiesen wird. Gerhild Ebel is not responsible for the content of websites referred to by links.<\/p>\n<p>Fotos:<br \/>\nKlaus G\u00f6ltz, Hans Heynig, Matthias Knoch, Annette Munk, Bernd Sinterhauf, Laszlo Todt<\/p>\n","protected":false},"excerpt":{"rendered":"<p>gerhild.ebel@gmx.de fon 0049(345) 5223094 Urheberrecht \/ Copyright \u00a9 by Gerhild Ebel Urheberrecht \/ Copyright \u00a9 Texte, Grafiken \/ text, images in \u00bbquartett\u00ab, \u00bbminiature obscure\u00ab, \u00bbart_lex\u00ab und Gemeinschaftsprojekten \/ and editions in collaboration bei den betreffenden K\u00fcnstlern &amp; Autoren \/ by the refering artists &amp; authors Urheberrechtsschutz durch \/ Copyright protection by Verwertungsgesellschaft Bild-Kunst Verwertungsgesellschaft Wort &hellip; <\/p>\n<p class=\"link-more\"><a href=\"https:\/\/gerhild-ebel.de\/?page_id=42\" class=\"more-link\"><span class=\"screen-reader-text\">\u201econtact\u201c<\/span> weiterlesen<\/a><\/p>\n","protected":false},"author":1,"featured_media":0,"parent":0,"menu_order":0,"comment_status":"closed","ping_status":"closed","template":"","meta":{"footnotes":""},"class_list":["post-42","page","type-page","status-publish","hentry"],"_links":{"self":[{"href":"https:\/\/gerhild-ebel.de\/index.php?rest_route=\/wp\/v2\/pages\/42","targetHints":{"allow":["GET"]}}],"collection":[{"href":"https:\/\/gerhild-ebel.de\/index.php?rest_route=\/wp\/v2\/pages"}],"about":[{"href":"https:\/\/gerhild-ebel.de\/index.php?rest_route=\/wp\/v2\/types\/page"}],"author":[{"embeddable":true,"href":"https:\/\/gerhild-ebel.de\/index.php?rest_route=\/wp\/v2\/users\/1"}],"replies":[{"embeddable":true,"href":"https:\/\/gerhild-ebel.de\/index.php?rest_route=%2Fwp%2Fv2%2Fcomments&post=42"}],"version-history":[{"count":0,"href":"https:\/\/gerhild-ebel.de\/index.php?rest_route=\/wp\/v2\/pages\/42\/revisions"}],"wp:attachment":[{"href":"https:\/\/gerhild-ebel.de\/index.php?rest_route=%2Fwp%2Fv2%2Fmedia&parent=42"}],"curies":[{"name":"wp","href":"https:\/\/api.w.org\/{rel}","templated":true}]}}