{"id":461,"date":"2017-03-26T16:36:42","date_gmt":"2017-03-26T16:36:42","guid":{"rendered":"https:\/\/kopie.gerhild-ebel.host1-nahiro.net\/WordPress_01\/?page_id=461"},"modified":"2025-03-20T19:57:28","modified_gmt":"2025-03-20T19:57:28","slug":"artworks","status":"publish","type":"page","link":"https:\/\/gerhild-ebel.de\/","title":{"rendered":"home"},"content":{"rendered":"<p>Seit Ende der 80er Jahre entstehen konzeptionelle Arbeiten in den Grenzbereichen von Sprache, Bild und Wissenschaft: Installationen, K\u00fcnstlerb\u00fccher, Grafiken, Papierschnitte mit Cutter, Objekte, Pr\u00e4gedrucke, Arbeiten auf Leinwand sowie experimentelle Literatur. Mich interessiert das Experiment abseits tradierter Wege,<br \/>\ndie Einheit von Widerspr\u00fcchen, die Parodie scheinbar festgef\u00fcgter Tatsachen.<\/p>\n<p>Since the end of the 1980s, conceptual art works have been created in the border areas of language, art and science: installations, artist\u2019s books, graphics, paper cutouts, objects, embossments, works on canvas and experimental literature. I\u2019m interested in the untraditional experiment, the unity of contradictions, the parody of seemingly established facts.<\/p>\n","protected":false},"excerpt":{"rendered":"<p>Seit Ende der 80er Jahre entstehen konzeptionelle Arbeiten in den Grenzbereichen von Sprache, Bild und Wissenschaft: Installationen, K\u00fcnstlerb\u00fccher, Grafiken, Papierschnitte mit Cutter, Objekte, Pr\u00e4gedrucke, Arbeiten auf Leinwand sowie experimentelle Literatur. Mich interessiert das Experiment abseits tradierter Wege, die Einheit von Widerspr\u00fcchen, die Parodie scheinbar festgef\u00fcgter Tatsachen. Since the end of the 1980s, conceptual art works &hellip; <\/p>\n<p class=\"link-more\"><a href=\"https:\/\/gerhild-ebel.de\/\" class=\"more-link\"><span class=\"screen-reader-text\">\u201ehome\u201c<\/span> weiterlesen<\/a><\/p>\n","protected":false},"author":1,"featured_media":1288,"parent":0,"menu_order":6,"comment_status":"closed","ping_status":"closed","template":"","meta":{"footnotes":""},"class_list":["post-461","page","type-page","status-publish","has-post-thumbnail","hentry"],"_links":{"self":[{"href":"https:\/\/gerhild-ebel.de\/index.php?rest_route=\/wp\/v2\/pages\/461","targetHints":{"allow":["GET"]}}],"collection":[{"href":"https:\/\/gerhild-ebel.de\/index.php?rest_route=\/wp\/v2\/pages"}],"about":[{"href":"https:\/\/gerhild-ebel.de\/index.php?rest_route=\/wp\/v2\/types\/page"}],"author":[{"embeddable":true,"href":"https:\/\/gerhild-ebel.de\/index.php?rest_route=\/wp\/v2\/users\/1"}],"replies":[{"embeddable":true,"href":"https:\/\/gerhild-ebel.de\/index.php?rest_route=%2Fwp%2Fv2%2Fcomments&post=461"}],"version-history":[{"count":1,"href":"https:\/\/gerhild-ebel.de\/index.php?rest_route=\/wp\/v2\/pages\/461\/revisions"}],"predecessor-version":[{"id":5682,"href":"https:\/\/gerhild-ebel.de\/index.php?rest_route=\/wp\/v2\/pages\/461\/revisions\/5682"}],"wp:featuredmedia":[{"embeddable":true,"href":"https:\/\/gerhild-ebel.de\/index.php?rest_route=\/wp\/v2\/media\/1288"}],"wp:attachment":[{"href":"https:\/\/gerhild-ebel.de\/index.php?rest_route=%2Fwp%2Fv2%2Fmedia&parent=461"}],"curies":[{"name":"wp","href":"https:\/\/api.w.org\/{rel}","templated":true}]}}